{"id":19,"date":"2026-01-13T19:54:52","date_gmt":"2026-01-13T19:54:52","guid":{"rendered":"https:\/\/hajdarovic.com\/blog\/?page_id=19"},"modified":"2026-01-14T23:16:31","modified_gmt":"2026-01-14T22:16:31","slug":"miljenko-hajdarovic-biografija","status":"publish","type":"page","link":"https:\/\/hajdarovic.com\/blog\/miljenko-hajdarovic-biografija\/","title":{"rendered":"Biografija"},"content":{"rendered":"\n<div class=\"wp-block-cover alignfull is-light has-contrast-color has-text-color has-link-color wp-elements-96aed81ff41dec9f59333d3bc5d6fecf\" style=\"margin-top:0;margin-bottom:0;padding-top:var(--wp--preset--spacing--60);padding-right:var(--wp--preset--spacing--50);padding-bottom:var(--wp--preset--spacing--60);padding-left:var(--wp--preset--spacing--50)\"><span aria-hidden=\"true\" class=\"wp-block-cover__background has-base-background-color has-background-dim-100 has-background-dim\"><\/span><div class=\"wp-block-cover__inner-container is-layout-constrained wp-container-core-cover-is-layout-873ee6b1 wp-block-cover-is-layout-constrained\">\n<div class=\"wp-block-columns alignwide is-layout-flex wp-container-core-columns-is-layout-7ee84d44 wp-block-columns-is-layout-flex\">\n<div class=\"wp-block-column is-layout-flow wp-block-column-is-layout-flow\" style=\"flex-basis:65%\">\n<div class=\"wp-block-group is-vertical is-content-justification-stretch is-layout-flex wp-container-core-group-is-layout-353c4f5a wp-block-group-is-layout-flex\">\n<h2 class=\"wp-block-heading has-text-align-left\" style=\"font-size:22rem;font-style:normal;font-weight:300;letter-spacing:-0.03em;line-height:1.4\">Hej,<\/h2>\n\n\n\n<p class=\"is-style-text-subtitle\">ja sam Miljenko Hajdarovi\u0107 i povjesni\u010dar sam, sociolog i edukator posve\u0107en kriti\u010dkom i uklju\u010divom pou\u010davanju povijesti. \u017divim i radim u Hrvatskoj, gdje ve\u0107 gotovo dva desetlje\u0107a sura\u0111ujem s u\u010diteljima, u\u010denicima i polaznicima obrazovanja odraslih, povezuju\u0107i povijest s gra\u0111anskim odgojem, medijskom pismeno\u0161\u0107u i eti\u010dkom refleksijom. Kao doktorski kandidat u podru\u010dju obrazovnih znanosti te iskusni edukator, osmi\u0161ljavam i provodim programe stru\u010dnog usavr\u0161avanja, online te\u010dajeve i projekte financirane sredstvima Europske unije, s posebnim naglaskom na pou\u010davanje povijesti, obrazovanje o Holokaustu i odgovornu primjenu umjetne inteligencije u obrazovanju. Moj je rad vo\u0111en uvjerenjem da pou\u010davanje povijesti treba osna\u017eivati u\u010denike i polaznike za kriti\u010dko mi\u0161ljenje, suo\u010davanje s te\u0161kim pro\u0161lostima i aktivno sudjelovanje u izgradnji demokratskog i humanijeg dru\u0161tva.<\/p>\n<\/div>\n<\/div>\n\n\n\n<div class=\"wp-block-column is-layout-flow wp-block-column-is-layout-flow\" style=\"flex-basis:35%\">\n<div class=\"wp-block-group is-vertical is-content-justification-stretch is-nowrap is-layout-flex wp-container-core-group-is-layout-73b0033c wp-block-group-is-layout-flex\">\n<figure class=\"wp-block-image size-full\"><img loading=\"lazy\" decoding=\"async\" width=\"1440\" height=\"1316\" src=\"https:\/\/hajdarovic.com\/blog\/wp-content\/uploads\/2026\/01\/18422954_1394277303973805_5927478382730380683_o.jpg\" alt=\"\" class=\"wp-image-17\" style=\"aspect-ratio:3\/4;object-fit:cover\" srcset=\"https:\/\/hajdarovic.com\/blog\/wp-content\/uploads\/2026\/01\/18422954_1394277303973805_5927478382730380683_o.jpg 1440w, https:\/\/hajdarovic.com\/blog\/wp-content\/uploads\/2026\/01\/18422954_1394277303973805_5927478382730380683_o-300x274.jpg 300w, https:\/\/hajdarovic.com\/blog\/wp-content\/uploads\/2026\/01\/18422954_1394277303973805_5927478382730380683_o-1024x936.jpg 1024w, https:\/\/hajdarovic.com\/blog\/wp-content\/uploads\/2026\/01\/18422954_1394277303973805_5927478382730380683_o-768x702.jpg 768w\" sizes=\"auto, (max-width: 1440px) 100vw, 1440px\" \/><\/figure>\n\n\n\n<p class=\"has-text-align-right has-x-large-font-size\" style=\"line-height:1.2\"><a href=\"https:\/\/www.researchgate.net\/profile\/Miljenko-Hajdarovic\">ResearchGate<\/a><br><a href=\"https:\/\/www.linkedin.com\/in\/mhajdarovic\/\">LinkedIn<\/a><br><a href=\"https:\/\/scholar.google.com\/citations?user=N9iJURkAAAAJ&amp;hl=en\">Scholar<\/a><\/p>\n<\/div>\n<\/div>\n<\/div>\n<\/div><\/div>\n\n\n\n<div class=\"wp-block-columns is-layout-flex wp-container-core-columns-is-layout-28f84493 wp-block-columns-is-layout-flex\">\n<div class=\"wp-block-column is-layout-flow wp-block-column-is-layout-flow\">\n<p>Od 2005. do 2018. te ponovno od 2022. godine predavao sam Povijest, Sociologiju, Politiku i gospodarstvo te Gra\u0111anski odgoj u osnovnim i srednjim \u0161kolama. Izme\u0111u 2018. i 2022. godine radio sam u izdava\u010dkoj ku\u0107i Profil Klett kao urednik tiskanih i digitalnih izdanja.<\/p>\n<\/div>\n<\/div>\n\n\n\n<div class=\"wp-block-columns is-layout-flex wp-container-core-columns-is-layout-28f84493 wp-block-columns-is-layout-flex\">\n<div class=\"wp-block-column is-layout-flow wp-block-column-is-layout-flow\">\n<figure class=\"wp-block-image size-large\"><img loading=\"lazy\" decoding=\"async\" width=\"1024\" height=\"601\" src=\"https:\/\/hajdarovic.com\/blog\/wp-content\/uploads\/2026\/01\/belma-1024x601.jpg\" alt=\"\" class=\"wp-image-367\" srcset=\"https:\/\/hajdarovic.com\/blog\/wp-content\/uploads\/2026\/01\/belma-1024x601.jpg 1024w, https:\/\/hajdarovic.com\/blog\/wp-content\/uploads\/2026\/01\/belma-300x176.jpg 300w, https:\/\/hajdarovic.com\/blog\/wp-content\/uploads\/2026\/01\/belma-768x451.jpg 768w, https:\/\/hajdarovic.com\/blog\/wp-content\/uploads\/2026\/01\/belma-1536x901.jpg 1536w, https:\/\/hajdarovic.com\/blog\/wp-content\/uploads\/2026\/01\/belma-2048x1202.jpg 2048w\" sizes=\"auto, (max-width: 1024px) 100vw, 1024px\" \/><\/figure>\n<\/div>\n\n\n\n<div class=\"wp-block-column is-layout-flow wp-block-column-is-layout-flow\">\n<p>Doktorski sam kandidat na Fakultetu odgojnih i obrazovnih znanosti, usmjeren na obrazovne znanosti i perspektive u pou\u010davanju povijesti. Godine 2023. dodijeljena mi je stipendija HISTOLAB-a, a 2024. godine stipendija Instituta Georg Eckert (GEI). Tijekom karijere sudjelovao sam u brojnim projektima, uklju\u010duju\u0107i one s Udrugom za edukaciju i promicanje ljudskih prava, EUROCLIO-m, Hrvatskom udrugom nastavnika povijesti, HERMES-om, Ku\u0107om Anne Frank te u sklopu Cjelovite kurikularne reforme (kao suautor kurikuluma za Politiku i gospodarstvo).<\/p>\n<\/div>\n<\/div>\n\n\n\n<p>Odr\u017eao sam brojna predavanja i sudjelovao na raznim doma\u0107im i me\u0111unarodnim konferencijama. Autor sam nekoliko stru\u010dnih i znanstvenih radova te desetak ud\u017ebenika, edukativnih materijala i knjiga. Moji certifikati uklju\u010duju Microsoft Certified Educator, MIE Expert, Flipgrid Ambassador, Google Certified Educator, MagicSchoolAI Pioneer, Gemini Certified Educator itd.<\/p>\n","protected":false},"excerpt":{"rendered":"<p>Od 2005. do 2018. te ponovno od 2022. godine predavao sam Povijest, Sociologiju, Politiku i gospodarstvo te Gra\u0111anski odgoj u [&hellip;]<\/p>\n","protected":false},"author":1,"featured_media":0,"parent":0,"menu_order":0,"comment_status":"closed","ping_status":"closed","template":"","meta":{"site-sidebar-layout":"default","site-content-layout":"","ast-site-content-layout":"default","site-content-style":"default","site-sidebar-style":"default","ast-global-header-display":"","ast-banner-title-visibility":"","ast-main-header-display":"","ast-hfb-above-header-display":"","ast-hfb-below-header-display":"","ast-hfb-mobile-header-display":"","site-post-title":"","ast-breadcrumbs-content":"","ast-featured-img":"","footer-sml-layout":"","ast-disable-related-posts":"","theme-transparent-header-meta":"","adv-header-id-meta":"","stick-header-meta":"","header-above-stick-meta":"","header-main-stick-meta":"","header-below-stick-meta":"","astra-migrate-meta-layouts":"default","ast-page-background-enabled":"default","ast-page-background-meta":{"desktop":{"background-color":"var(--ast-global-color-5)","background-image":"","background-repeat":"repeat","background-position":"center center","background-size":"auto","background-attachment":"scroll","background-type":"","background-media":"","overlay-type":"","overlay-color":"","overlay-opacity":"","overlay-gradient":""},"tablet":{"background-color":"","background-image":"","background-repeat":"repeat","background-position":"center center","background-size":"auto","background-attachment":"scroll","background-type":"","background-media":"","overlay-type":"","overlay-color":"","overlay-opacity":"","overlay-gradient":""},"mobile":{"background-color":"","background-image":"","background-repeat":"repeat","background-position":"center center","background-size":"auto","background-attachment":"scroll","background-type":"","background-media":"","overlay-type":"","overlay-color":"","overlay-opacity":"","overlay-gradient":""}},"ast-content-background-meta":{"desktop":{"background-color":"var(--ast-global-color-4)","background-image":"","background-repeat":"repeat","background-position":"center center","background-size":"auto","background-attachment":"scroll","background-type":"","background-media":"","overlay-type":"","overlay-color":"","overlay-opacity":"","overlay-gradient":""},"tablet":{"background-color":"var(--ast-global-color-4)","background-image":"","background-repeat":"repeat","background-position":"center center","background-size":"auto","background-attachment":"scroll","background-type":"","background-media":"","overlay-type":"","overlay-color":"","overlay-opacity":"","overlay-gradient":""},"mobile":{"background-color":"var(--ast-global-color-4)","background-image":"","background-repeat":"repeat","background-position":"center center","background-size":"auto","background-attachment":"scroll","background-type":"","background-media":"","overlay-type":"","overlay-color":"","overlay-opacity":"","overlay-gradient":""}},"footnotes":""},"class_list":["post-19","page","type-page","status-publish","hentry"],"aioseo_notices":[],"jetpack_sharing_enabled":true,"jetpack_likes_enabled":true,"_links":{"self":[{"href":"https:\/\/hajdarovic.com\/blog\/wp-json\/wp\/v2\/pages\/19","targetHints":{"allow":["GET"]}}],"collection":[{"href":"https:\/\/hajdarovic.com\/blog\/wp-json\/wp\/v2\/pages"}],"about":[{"href":"https:\/\/hajdarovic.com\/blog\/wp-json\/wp\/v2\/types\/page"}],"author":[{"embeddable":true,"href":"https:\/\/hajdarovic.com\/blog\/wp-json\/wp\/v2\/users\/1"}],"replies":[{"embeddable":true,"href":"https:\/\/hajdarovic.com\/blog\/wp-json\/wp\/v2\/comments?post=19"}],"version-history":[{"count":6,"href":"https:\/\/hajdarovic.com\/blog\/wp-json\/wp\/v2\/pages\/19\/revisions"}],"predecessor-version":[{"id":371,"href":"https:\/\/hajdarovic.com\/blog\/wp-json\/wp\/v2\/pages\/19\/revisions\/371"}],"wp:attachment":[{"href":"https:\/\/hajdarovic.com\/blog\/wp-json\/wp\/v2\/media?parent=19"}],"curies":[{"name":"wp","href":"https:\/\/api.w.org\/{rel}","templated":true}]}}