{"id":380,"date":"2026-01-14T23:25:11","date_gmt":"2026-01-14T22:25:11","guid":{"rendered":"https:\/\/hajdarovic.com\/blog\/?page_id=380"},"modified":"2026-01-14T23:25:12","modified_gmt":"2026-01-14T22:25:12","slug":"impresum","status":"publish","type":"page","link":"https:\/\/hajdarovic.com\/blog\/impresum\/","title":{"rendered":"Impresum"},"content":{"rendered":"\n<p>Clionaut = mje\u0161avina stvari koje volim u \u017eivotu: <strong>Clio <\/strong>(kao muza povijesti) + <strong>naut <\/strong>(od astronaut i internaut [Internaut vje\u0161to koristi online usluge, tipi\u010dno nau\u010deno kroz godine iskustva, s dobrim poznavanjem kori\u0161tenja tra\u017eilica, internetskih resursa, foruma, news grupa i chat soba u potrazi za Informacijom. \u0160to netko vi\u0161e zna o Internetu, njegovoj povijesti i politikama, tim im vi\u0161e pristaje naziv internaut.])<\/p>\n\n\n\n<div class=\"wp-block-columns is-layout-flex wp-container-core-columns-is-layout-28f84493 wp-block-columns-is-layout-flex\">\n<div class=\"wp-block-column is-layout-flow wp-block-column-is-layout-flow\">\n<p>Vlasnik i urednik bloga je Miljenko Hajdarovi\u0107. <\/p>\n\n\n\n<p>Sve objave su nekomercijalne i slu\u017ee informiranju zainteresirane javnosti.<\/p>\n\n\n\n<p>Ovdje objavljeni stavovi su osobni i ne odra\u017eavaju mi\u0161ljenje ni jedne organizacije s kojom sura\u0111ujem.<\/p>\n<\/div>\n<\/div>\n\n\n\n<p><a rel=\"license\" href=\"http:\/\/creativecommons.org\/licenses\/by-nc-sa\/4.0\/\"><img decoding=\"async\" alt=\"Creative Commons Licence\" style=\"border-width:0\" src=\"https:\/\/i.creativecommons.org\/l\/by-nc-sa\/4.0\/88x31.png\"><\/a><br>This work is licensed under a <a rel=\"license\" href=\"http:\/\/creativecommons.org\/licenses\/by-nc-sa\/4.0\/\">Creative Commons Attribution-NonCommercial-ShareAlike 4.0 International License<\/a>.<\/p>\n","protected":false},"excerpt":{"rendered":"<p>Clionaut = mje\u0161avina stvari koje volim u \u017eivotu: Clio (kao muza povijesti) + naut (od astronaut i internaut [Internaut vje\u0161to [&hellip;]<\/p>\n","protected":false},"author":1,"featured_media":0,"parent":0,"menu_order":0,"comment_status":"closed","ping_status":"closed","template":"","meta":{"site-sidebar-layout":"default","site-content-layout":"","ast-site-content-layout":"default","site-content-style":"default","site-sidebar-style":"default","ast-global-header-display":"","ast-banner-title-visibility":"","ast-main-header-display":"","ast-hfb-above-header-display":"","ast-hfb-below-header-display":"","ast-hfb-mobile-header-display":"","site-post-title":"","ast-breadcrumbs-content":"","ast-featured-img":"","footer-sml-layout":"","ast-disable-related-posts":"","theme-transparent-header-meta":"","adv-header-id-meta":"","stick-header-meta":"","header-above-stick-meta":"","header-main-stick-meta":"","header-below-stick-meta":"","astra-migrate-meta-layouts":"default","ast-page-background-enabled":"default","ast-page-background-meta":{"desktop":{"background-color":"var(--ast-global-color-5)","background-image":"","background-repeat":"repeat","background-position":"center center","background-size":"auto","background-attachment":"scroll","background-type":"","background-media":"","overlay-type":"","overlay-color":"","overlay-opacity":"","overlay-gradient":""},"tablet":{"background-color":"","background-image":"","background-repeat":"repeat","background-position":"center center","background-size":"auto","background-attachment":"scroll","background-type":"","background-media":"","overlay-type":"","overlay-color":"","overlay-opacity":"","overlay-gradient":""},"mobile":{"background-color":"","background-image":"","background-repeat":"repeat","background-position":"center center","background-size":"auto","background-attachment":"scroll","background-type":"","background-media":"","overlay-type":"","overlay-color":"","overlay-opacity":"","overlay-gradient":""}},"ast-content-background-meta":{"desktop":{"background-color":"var(--ast-global-color-4)","background-image":"","background-repeat":"repeat","background-position":"center center","background-size":"auto","background-attachment":"scroll","background-type":"","background-media":"","overlay-type":"","overlay-color":"","overlay-opacity":"","overlay-gradient":""},"tablet":{"background-color":"var(--ast-global-color-4)","background-image":"","background-repeat":"repeat","background-position":"center center","background-size":"auto","background-attachment":"scroll","background-type":"","background-media":"","overlay-type":"","overlay-color":"","overlay-opacity":"","overlay-gradient":""},"mobile":{"background-color":"var(--ast-global-color-4)","background-image":"","background-repeat":"repeat","background-position":"center center","background-size":"auto","background-attachment":"scroll","background-type":"","background-media":"","overlay-type":"","overlay-color":"","overlay-opacity":"","overlay-gradient":""}},"footnotes":""},"class_list":["post-380","page","type-page","status-publish","hentry"],"aioseo_notices":[],"jetpack_sharing_enabled":true,"jetpack_likes_enabled":true,"_links":{"self":[{"href":"https:\/\/hajdarovic.com\/blog\/wp-json\/wp\/v2\/pages\/380","targetHints":{"allow":["GET"]}}],"collection":[{"href":"https:\/\/hajdarovic.com\/blog\/wp-json\/wp\/v2\/pages"}],"about":[{"href":"https:\/\/hajdarovic.com\/blog\/wp-json\/wp\/v2\/types\/page"}],"author":[{"embeddable":true,"href":"https:\/\/hajdarovic.com\/blog\/wp-json\/wp\/v2\/users\/1"}],"replies":[{"embeddable":true,"href":"https:\/\/hajdarovic.com\/blog\/wp-json\/wp\/v2\/comments?post=380"}],"version-history":[{"count":1,"href":"https:\/\/hajdarovic.com\/blog\/wp-json\/wp\/v2\/pages\/380\/revisions"}],"predecessor-version":[{"id":381,"href":"https:\/\/hajdarovic.com\/blog\/wp-json\/wp\/v2\/pages\/380\/revisions\/381"}],"wp:attachment":[{"href":"https:\/\/hajdarovic.com\/blog\/wp-json\/wp\/v2\/media?parent=380"}],"curies":[{"name":"wp","href":"https:\/\/api.w.org\/{rel}","templated":true}]}}