{"id":535,"date":"2026-01-17T11:16:44","date_gmt":"2026-01-17T10:16:44","guid":{"rendered":"https:\/\/hajdarovic.com\/blog\/?page_id=535"},"modified":"2026-01-20T22:33:25","modified_gmt":"2026-01-20T21:33:25","slug":"publikacije","status":"publish","type":"page","link":"https:\/\/hajdarovic.com\/blog\/miljenko-hajdarovic-biografija\/publikacije\/","title":{"rendered":"Publikacije"},"content":{"rendered":"\n<p><strong>NAPOMENA<\/strong>: Naslovi su na jeziku na kojem su objavljeni.<\/p>\n\n\n\n<p>Dio tekstova je dostupan na ovoj stranici. Popis mo\u017eete pogledati na <a href=\"https:\/\/scholar.google.com\/citations?user=N9iJURkAAAAJ&amp;hl=en\">Google Scholar<\/a>, a cijeli radovi su dostupni za \u010ditanje na <a href=\"https:\/\/www.researchgate.net\/profile\/Miljenko-Hajdarovic\">ResearchGate-u<\/a>.<\/p>\n\n\n\n<h2 class=\"wp-block-heading\">\u010clanci<\/h2>\n\n\n\n<ol class=\"wp-block-list\">\n<li>Hajdarovi\u0107, M. (2025). Kri\u017eni put ud\u017ebenika Povijesti. <em>Pou\u010davanje Povijesti<\/em>. Vol. 4 No. 2. Str. 5-45. (<a href=\"https:\/\/hajdarovic.com\/blog\/hr\/2026\/krizni-put-udzbenika-povijesti\/\">sa\u017eetak<\/a>)<\/li>\n\n\n\n<li>Hajdarovi\u0107, M. (2024). <em>Exploring potential digital technologies for history education<\/em>. In Renewing history education to uphold democracy. Council of Europe. 121-172.<\/li>\n\n\n\n<li>Hajdarovi\u0107, M. (2024). <em>Logor Drancy<\/em>. Ha-Kol. Br. 183.<\/li>\n\n\n\n<li>Hajdarovi\u0107, M. (2024). <em>Inspektorat koncentracijskih logora<\/em>. Ha-Kol. Br. 183.<\/li>\n\n\n\n<li>Hajdarovi\u0107, M. (2023). <em>Nijanse Braunschweiga<\/em>. Ha-Kol. Br. 182.<\/li>\n\n\n\n<li>Hajdarovi\u0107, M. (2023). <em>Osna\u017eivanje edukacije o holokaustu u Hrvatskoj<\/em>. Ha-Kol. Br. 182.<\/li>\n\n\n\n<li>Hajdarovi\u0107, M. (2023). Platforma Klio\u2013od neformalnog okupljanja do udruge gra\u0111ana. <em>Pou\u010davanje povijesti<\/em>. Vol. 2. Br. 2.<\/li>\n\n\n\n<li>Hajdarovi\u0107, M. (2023). Slanje djece po\u0161tom.<em> Pou\u010davanje povijesti<\/em>. Vol. 2. Br. 2.<\/li>\n\n\n\n<li>Hajdarovi\u0107, M. (2023). Ota Benga \u2013 tragi\u010dna pri\u010da o iskori\u0161tavanju. <em>Pou\u010davanje povijesti<\/em>. Vol. 2. Br. 2.<\/li>\n\n\n\n<li>Hajdarovi\u0107, M. (2023). Lidice. <em>Pou\u010davanje povijesti<\/em>. Vol. 2. Br. 2.<\/li>\n\n\n\n<li>Hajdarovi\u0107, M. (2023). Prepoznaju li u\u010ditelji povijesti rukopis umjetne inteligencije. <em>Pou\u010davanje povijesti<\/em>. Vol. 2. Br. 2.<\/li>\n\n\n\n<li>Hajdarovi\u0107, M. (2023). Problem velikih geografskih otkri\u0107a. <em>Pou\u010davanje povijesti<\/em>. Vol. 2. Br. 2.<\/li>\n\n\n\n<li>Hajdarovi\u0107, M. (2023). Kori\u0161tenje igranih filmova u pou\u010davanju o holokaustu. <em>Pou\u010davanje povijesti<\/em>. Vol. 2. Br. 2.<\/li>\n\n\n\n<li>Hajdarovi\u0107, M. (2023). <em>The role and influence of the internet in history education<\/em>. In Critical History Study Guide. EUROCLIO. 145-163<\/li>\n\n\n\n<li>Hajdarovi\u0107, M. (2023). <em>The Reality of Digital Teaching of History in Croatia<\/em>. 46th International Convention on Information, Communication and Electronic Technology (MIPRO).<\/li>\n\n\n\n<li>Hajdarovi\u0107, M. (2023). <em>Futurology methods as an upgrade of history teaching<\/em>. Didactic Challenges IV: Futures Studies in Education.<\/li>\n\n\n\n<li>Hajdarovi\u0107, M. (2023). <em>Nacionalna povijest kao antagoniziraju\u0107i agens obrazovanja<\/em>. Prozor u svijet obrazovanja, nauke i mladih. Pedago\u0161ki fakultet, Univerziteta u Sarajevu.<\/li>\n\n\n\n<li>Hajdarovi\u0107, M. (2023). Aktivnosti Opservatorija za nastavu povijesti u Europi. <em>Pou\u010davanje povijesti<\/em>. Vol. 2. Br. 1.<\/li>\n\n\n\n<li>Hajdarovi\u0107, M. (2023). Dva desetlje\u0107a HUNP-a.<em> Pou\u010davanje povijesti<\/em>. Vol. 2. Br. 1.<\/li>\n\n\n\n<li>Hajdarovi\u0107, M. (2023). Umjetna inteligencija, ChatGPT i pou\u010davanje Povijesti. <em>Pou\u010davanje povijesti<\/em>. Vol. 2. Br. 1.<\/li>\n\n\n\n<li>Hajdarovi\u0107, M. (2023). Dobre metode pou\u010davanja povijesti# 3: Kami\u0161ibaj. <em>Pou\u010davanje povijesti<\/em>. Vol. 2. Br. 1.<\/li>\n\n\n\n<li>Hajdarovi\u0107, M. (2023). \u017divot u skloni\u0161tima Var\u0161avskog geta. <em>Ha-Kol<\/em>. Br. 179.<\/li>\n\n\n\n<li>Hajdarovi\u0107, M. (2023). Marek Edelman &#8211; vje\u010diti ustanik. <em>Ha-Kol<\/em>. Br. 179.<\/li>\n\n\n\n<li>Hajdarovi\u0107, M. (2023). Reakcija proti \u0161kolstvu\u2013kontinuitet i promjene mi\u0161ljenja o problemima obrazovanja. Znanstveni simpozij Dvjestota obljetnica ro\u0111enja Ivana Filipovi\u0107a (1823.-2023.).<\/li>\n\n\n\n<li>Hajdarovi\u0107, M. (2023). Dvadeseti stru\u010dni skup o pou\u010davanju i u\u010denju o Holokaustu. <em>Ha-Kol<\/em>. Br. 178.<\/li>\n\n\n\n<li>Hajdarovi\u0107, M. (2022). Na povijesnoj lokaciji: Auschwitz. <em>Pou\u010davanje povijesti<\/em>. Vol. 1. Br. 2.<\/li>\n\n\n\n<li>Hajdarovi\u0107, M. (2022). Prvo su do\u0161li (poja\u0161njenje).<em> Pou\u010davanje povijesti<\/em>. Vol. 1. Br. 2.<\/li>\n\n\n\n<li>Hajdarovi\u0107, M. (2022). Razvoj u\u010diteljskih kompetencija za pou\u010davanje o Holokaustu. <em>Pou\u010davanje povijesti<\/em>. Vol. 1. Br. 2.<\/li>\n\n\n\n<li>Hajdarovi\u0107, M. (2022). Ususret hrvatskom predsjedanju IHRA-om. <em>Pou\u010davanje povijesti<\/em>. Vol. 1. Br. 2.<\/li>\n\n\n\n<li>Hajdarovi\u0107, M. (2022). Futuristi\u010dki pogled u budu\u0107nost ud\u017ebenika Povijesti. <em>Pou\u010davanje povijesti<\/em>. Vol. 1. Br. 2.<\/li>\n\n\n\n<li>Hajdarovi\u0107, M. (2022). Analiza stanja pou\u010davanja Povijesti u Hrvatskoj. <em>Pou\u010davanje povijesti<\/em>. Vol. 1. Br. 2.<\/li>\n\n\n\n<li>Hajdarovi\u0107, M. (2022). <em>Mijenja li novi kurikulum budu\u0107nost interdisciplinarnog pou\u010davanja povijesti?<\/em>. Me\u0111unarodni interdisciplinarni 1. Kongres Centra za interdisciplinarna istra\u017eivanja Filozofskog fakulteta Osijek: \u00bbInterdisciplinarnost u teoriji i praksi\u00ab<\/li>\n\n\n\n<li>Hajdarovi\u0107, M. (2022). Evaluating digital resources in teaching history. <em>International Conference on New Media Pedagogy<\/em>. Springer Nature Switzerland.<\/li>\n\n\n\n<li>Hajdarovi\u0107, M. (2022). Europske vrijednosti u hrvatskom kurikulumu Povijesti. <em>Danubius noster<\/em>, XI (2023), 2; 81-90 doi:10.55072\/DN.2023.2.81<\/li>\n\n\n\n<li>Hajdarovi\u0107, M. (2022). Studentska vizija budu\u0107nosti \u0161kolskoga predmeta Povijest. <em>Danubius noster<\/em>, X (2022), 3; 73-80 doi:10.55072\/DN.2022.3.73<\/li>\n\n\n\n<li>Hajdarovi\u0107, M. (2022). <em>Comparison of the Presentation of Heritage Topics in History Textbooks for Primary School<\/em> \/\/ Pannoniana, 5 (2021), 1; 77-98<\/li>\n\n\n\n<li>Hajdarovi\u0107, M. (2022). <em>History teaching in Croatia in the jaws of the Internet<\/em> \/\/ 1st International Online Scientific Conference ICT in Life &#8211; Conference proceedings \/ \u0110ur\u0111evi\u0107 Babi\u0107, Ivana ; Galzina, Vjekoslav (ur.). Osijek: Fakultet za odgojne i obrazovne znanosti, 2022. str. 184-193<\/li>\n\n\n\n<li>Hajdarovi\u0107, M. (2022). Biti u\u010ditelj povijesti \u2013 vodi\u010d za pre\u017eivljavanje po\u010detnika. <em>Pou\u010davanje povijesti<\/em> 1 (1), 47-59.<\/li>\n\n\n\n<li>Hajdarovi\u0107, M. (2022). Na povijesnoj lokaciji: Waterloo. <em>Pou\u010davanje povijesti<\/em> 1 (1), 83-89.<\/li>\n\n\n\n<li>Hajdarovi\u0107, M. (2022). Dobre metode pou\u010davanja povijesti #1. <em>Pou\u010davanje povijesti<\/em> 1 (1), 68.<\/li>\n\n\n\n<li>Hajdarovi\u0107, M. (2022). Suvremena Ukrajina. <em>Pou\u010davanje povijesti<\/em> 1 (1), 30-42.<\/li>\n\n\n\n<li>Hajdarovi\u0107, M. (2022). Primjeri pro\u0161irenja zastupljenosti povijesti Roma u ud\u017ebenicima. <em>Pou\u010davanje povijesti<\/em> 1 (1), 19-20.<\/li>\n\n\n\n<li>Hajdarovi\u0107, M. <em>Osvrt na prethodno priop\u0107enje \u201eFacebook \u2013 nova obrazovna platforma u nastavi povijesti\u201c<\/em>. Napredak. br. 158 (3). 363-387. 2017.<\/li>\n\n\n\n<li>Hajdarovi\u0107, M. <em>Lili Henoch &#8211; nepo\u017eeljna vi\u0161estruka prvakinja Njema\u010dke<\/em>. Ha-kol. br. 151. kolovoz-rujan-listopad 2017.<\/li>\n\n\n\n<li>Hajdarovi\u0107, M. <em>Sudar \u00dcbermenscha i \u010dovjeka<\/em>. Ha-kol. br. 151. kolovoz-rujan-listopad 2017.<\/li>\n\n\n\n<li>Hajdarovi\u0107, M. <em>Njema\u010dka zao\u0161trila borbu protiv iskaza mr\u017enje na internetu<\/em>. Ha-kol. br. 151. kolovoz-rujan-listopad 2017.<\/li>\n\n\n\n<li>Hajdarovi\u0107. M. <em>\u0160to su \u010dinili na\u0161i o\u010devi<\/em>. Ha-kol. br. 150. lipanj-srpanj 2017.<\/li>\n\n\n\n<li>Hajdarovi\u0107, M. <em>Anne Sophie Horvat<\/em>. Ha-kol. br. 148. sije\u010danj-velja\u010da 2017.<\/li>\n\n\n\n<li>Hajdarovi\u0107, M. (2016). IKT je s Venere, povjesni\u010dari su s Marsa. \u0160kolski portal.<\/li>\n\n\n\n<li>Hajdarovi\u0107, M. (2016). <a href=\"https:\/\/hajdarovic.com\/blog\/2016\/plickers-for-history-teachers-a-great-tool-for-assessment\/\">Plickers for History Teachers: a Great Tool for Assessment<\/a>. Historiana Blog.<\/li>\n\n\n\n<li>Hajdarovi\u0107, M. (2016). <a href=\"https:\/\/hajdarovic.com\/blog\/hr\/2016\/posebni-digitalni-alati-samo-za-povjesnicare\/\">Posebni digitalni alati samo za povjesni\u010dare<\/a>. \u0160kolski portal.<\/li>\n\n\n\n<li>Hajdarovi\u0107, M. (2016). <a href=\"https:\/\/hajdarovic.com\/blog\/hr\/2016\/istrazivacki-projekti-malih-povjesnicara-na-blogu-i-wikiju\/\">Istra\u017eiva\u010dki projekti malih povjesni\u010dara na blogu i wikiju<\/a>. \u0160kolski portal.<\/li>\n\n\n\n<li>Hajdarovi\u0107, M. (2016). <a href=\"https:\/\/hajdarovic.com\/blog\/hr\/2016\/infografike-i-lente-u-poucavanju-povijesti\/\">Infografike i lente u pou\u010davanju povijesti<\/a>. \u0160kolski portal.<\/li>\n\n\n\n<li>Hajdarovi\u0107, M. (2016). <a href=\"https:\/\/hajdarovic.com\/blog\/hr\/2016\/dvije-tri-online-vremenske-crte\/\">Dvije-tri online vremenske crte<\/a>. \u0160kolski portal.<\/li>\n\n\n\n<li>Hajdarovi\u0107, M. (2016). <a href=\"https:\/\/hajdarovic.com\/blog\/hr\/2016\/u-oblacima-rijeci\/\">U oblacima rije\u010di<\/a>. \u0160kolski portal.<\/li>\n\n\n\n<li>Hajdarovi\u0107, M. (2016). <a href=\"https:\/\/hajdarovic.com\/blog\/hr\/2016\/umrezavanje-oko-povijesti\/\">Umre\u017eavanje oko povijesti<\/a>. \u0160kolski portal.<\/li>\n\n\n\n<li>Hajdarovi\u0107, M. (2016). <a href=\"https:\/\/hajdarovic.com\/blog\/hr\/2016\/umne-mape-i-druge-sheme\/\">Umne mape i druge sheme<\/a>. \u0160kolski portal.<\/li>\n\n\n\n<li>Hajdarovi\u0107, M. (2016). <a href=\"https:\/\/hajdarovic.com\/blog\/hr\/2016\/digitalno-ozivljavanje-slikovnih-izvora\/\">Digitalno o\u017eivljavanje slikovnih izvora<\/a>. \u0160kolski portal.<\/li>\n\n\n\n<li>Hajdarovi\u0107, M. (2016). <a href=\"https:\/\/hajdarovic.com\/blog\/hr\/2016\/racunalne-prezentacije-u-poucavanju\/\">Ra\u010dunalne prezentacije u pou\u010davanju<\/a>. \u0160kolski portal.<\/li>\n\n\n\n<li>Hajdarovi\u0107, M. (2016). <a href=\"https:\/\/hajdarovic.com\/blog\/hr\/2016\/budimo-loomeni\/\">Budimo lumeni<\/a>. \u0160kolski portal.<\/li>\n\n\n\n<li>Hajdarovi\u0107, M. (2016). <a href=\"https:\/\/hajdarovic.com\/blog\/hr\/2016\/digitalni-svjedoci\/\">Digitalni svjedoci<\/a>. \u0160kolski portal.<\/li>\n\n\n\n<li>Hajdarovi\u0107, M. (2016). <a href=\"https:\/\/hajdarovic.com\/blog\/hr\/2016\/google-pri-ruci\/\">Google pri ruci<\/a>. \u0160kolski portal.<\/li>\n\n\n\n<li>Hajdarovi\u0107, M. <em>Seminar Holocaust by bullets<\/em>. Ha-kol. br. 142. prosinac 2015.<\/li>\n\n\n\n<li>Hajdarovi\u0107, M. (2015). <a href=\"https:\/\/hajdarovic.com\/blog\/hr\/2015\/facebook-ovako-ili-onako\/\">Facebook \u2013 ovako ili onako<\/a>. \u0160kolski portal.<\/li>\n\n\n\n<li>Hajdarovi\u0107, M. (2015). <a href=\"https:\/\/blog.historiana.eu\/2015\/12\/facebook-and-fakebook\/\">Facebook and Fakebook<\/a>. Historiana Blog. <\/li>\n\n\n\n<li>Hajdarovi\u0107, M. (2015). <a href=\"https:\/\/hajdarovic.com\/blog\/hr\/2015\/pinterest-pomoc-u-organizaciji-grafika\/\">Pinterest \u2013 pomo\u0107 u organizaciji grafika<\/a>. \u0160kolski portal.<\/li>\n\n\n\n<li>Hajdarovi\u0107, M. (2015). <a href=\"https:\/\/hajdarovic.com\/blog\/hr\/2015\/historypin-usporedba-proslosti-i-sadasnjosti\/\">HistoryPin \u2013 usporedba pro\u0161losti i sada\u0161njosti<\/a>. \u0160kolski portal.<\/li>\n\n\n\n<li>Hajdarovi\u0107, M. (2015). <a href=\"https:\/\/hajdarovic.com\/blog\/hr\/2015\/mobiteli-na-terenskoj-nastavi-instagram\/\">Mobiteli na terenskoj nastavi \u2013 Instagram<\/a>. \u0160kolski portal.<\/li>\n\n\n\n<li>Hajdarovi\u0107, M. (2015). <a href=\"https:\/\/hajdarovic.com\/blog\/hr\/2015\/na-nastavu-povijesti-ponesite-vlastite-uredaje-primjer-filma\/\">Na nastavu povijesti ponesite vlastite ure\u0111aje \u2013 primjer filma<\/a>. \u0160kolski portal.<\/li>\n\n\n\n<li>Hajdarovi\u0107, M. (2015). <a href=\"https:\/\/hajdarovic.com\/blog\/hr\/2015\/prigrlimo-mobitele-u-nastavi-povijesti-pokusaj-kahoot\/\">Prigrlimo mobitele u nastavi povijesti \u2013 poku\u0161aj Kahoot<\/a>. \u0160kolski portal.<\/li>\n\n\n\n<li>Hajdarovi\u0107, M. (2015). <a href=\"https:\/\/hajdarovic.com\/blog\/hr\/2015\/od-tapiserije-do-klika\/\">Od tapiserije do klika<\/a>. \u0160kolski portal.<\/li>\n\n\n\n<li>Hajdarovi\u0107, M. <em>Povijest prostora Izraela \u2013 od Kaanana do babilonskog ropstva<\/em>. Ha-kol. br. 140. svibanj-lipanj-srpanj 2015.<\/li>\n\n\n\n<li>Hajdarovi\u0107, M. <em>Povratak u Auschwitz \u2013 70 godina kasnije<\/em>. Ha-kol. br. 138. sije\u010danj-velja\u010da 2015.<\/li>\n\n\n\n<li>Hajdarovi\u0107, M.<em> Facebook u svakodnevici \u0161kole<\/em>. Zbornik radova CuC 2015, Hrvatska akademska i istra\u017eiva\u010dka mre\u017ea, 2015.<\/li>\n\n\n\n<li>Hajdarovi\u0107, M.<em> Eksperimentalno kori\u0161tenje Facebooka, Pinteresta i Loomena u nastavi povijesti<\/em>. Zbornik radova CuC 2014, Hrvatska akademska i istra\u017eiva\u010dka mre\u017ea, 2014.<\/li>\n\n\n\n<li>Hajdarovi\u0107, M. <em>Prvi koraci internetom za u\u010ditelja povijesti<\/em>. Pogled kroz prozor, br. 60., travanj 2014.<\/li>\n\n\n\n<li>Hajdarovi\u0107, M.<em> Ako nisi na Fejsu, onda ne postoji\u0161!? <\/em>\u0160kolske novine. br. 2895. 8. 10. 2013.<\/li>\n\n\n\n<li>Hajdarovi\u0107, M.<em> Samostalno istra\u017eivanje povijesti uz Pinterest. <\/em>Pogled kroz prozor. br. 52. 31. 5. 2013.<\/li>\n\n\n\n<li>Hajdarovi\u0107, M.<em> Kori\u0161tenje Facebooka u nastavi povijesti. <\/em>Pogled kroz prozor. br. 51. 30. 4. 2013.<\/li>\n\n\n\n<li>Hajdarovi\u0107, M.<em> Facebook komunikacija s u\u010denicima.<\/em> \u0160kolske novine. br. 2880. 23. 4. 2013.<\/li>\n\n\n\n<li>Hajdarovi\u0107, M. <em>Mali \u0161trajka\u0161ki dnevnik<\/em>. Glasilo Sindikata zaposlenika u hrvatskom \u0161kolstvu Preporod. God. 17. br. 73. prosinac 2012.<\/li>\n\n\n\n<li>Hajdarovi\u0107, M.<em> <\/em><a href=\"https:\/\/hajdarovic.com\/blog\/hr\/2011\/vrjednovanje-internet-stranica-povijesne-tematike\/\">Vrjednovanje internet stranica povijesne tematike<\/a>. <em>Historijski zbornik<\/em>. br. 2\/2010<\/li>\n<\/ol>\n\n\n\n<h2 class=\"wp-block-heading\">Ud\u017ebenici i drugi obrazovni materijali<\/h2>\n\n\n\n<h3 class=\"wp-block-heading\">Urednik<\/h3>\n\n\n\n<ol class=\"wp-block-list\">\n<li>Hajdarovi\u0107, M. (ur.) Vremeplov 8, digitalni obrazovni sadr\u017eaji iz povijesti za 8. razred osnovne \u0161kole, Profil Klett d. o. o., Zagreb, 2021.<\/li>\n\n\n\n<li>Hajdarovi\u0107, M. (ur.) Za\u0161to je povijest va\u017ena? 4, digitalni obrazovni sadr\u017eaji iz povijesti za 3. razred gimnazije, Profil Klett d. o. o., Zagreb, 2021.<\/li>\n\n\n\n<li>Hajdarovi\u0107, Risti\u0107, Torbica. Za\u0161to je povijest va\u017ena? 4. ud\u017ebenik povijesti za 4. razred gimnazije, Profil Klett d. o. o., Zagreb, 2021.<\/li>\n\n\n\n<li>Bogdanovi\u0107, Hajdarovi\u0107, \u0160vigir. Vremeplov 8. ud\u017ebenik povijesti za 8. razred osnovne \u0161kole, Profil Klett d. o. o., Zagreb, 2021.<\/li>\n\n\n\n<li>Bogdanovi\u0107, Hajdarovi\u0107, \u0160vigir. Vremeplov 8. radna bilje\u017enica iz povijesti za 8. razred osnovne \u0161kole, Profil Klett d. o. o., Zagreb, 2021.<\/li>\n\n\n\n<li>Matotek, Hajdarovi\u0107, Srbin Kova\u010di\u0107. Vremeplov 8. radni ud\u017ebenik povijesti za 8. razred osnovne \u0161kole za u\u010denike s pote\u0161ko\u0107ama pri u\u010denju, Profil Klett d. o. o., Zagreb, 2021.<\/li>\n\n\n\n<li>Geografija 5. projekt digitalizacije kurikuluma Geografije za 5. razred osnovne \u0161kole, Hrvatska akademska i istra\u017eiva\u010dka mre\u017ea \u2013 CARNET, 2020.<\/li>\n\n\n\n<li>Geografija 1. projekt digitalizacije kurikuluma Geografije za 1. razred gimnazije, Hrvatska akademska i istra\u017eiva\u010dka mre\u017ea \u2013 CARNET, 2020.<\/li>\n\n\n\n<li>Povijest 1. projekt digitalizacije kurikuluma Povijesti za 1. razred gimnazije, Hrvatska akademska i istra\u017eiva\u010dka mre\u017ea \u2013 CARNET, 2020.<\/li>\n\n\n\n<li>Povijest 5. projekt digitalizacije kurikuluma Povijesti za 5. razred osnovne \u0161kole, Hrvatska akademska i istra\u017eiva\u010dka mre\u017ea \u2013 CARNET, 2020.<\/li>\n\n\n\n<li>Bo\u0161njak, Pa\u0161tar, Vukeli\u0107. Sociologija, ud\u017ebenik sociologije za srednje \u0161kole, Profil Klett d. o. o., Zagreb, 2020.<\/li>\n\n\n\n<li>Hajdarovi\u0107, M. (ur.) Sociologija. digitalni obrazovni sadr\u017eaji iz sociologije, Profil Klett d. o. o., 2020.<\/li>\n\n\n\n<li>Frol, Hajdarovi\u0107. Vremeplov 7. radna bilje\u017enica iz povijesti za 7. razred osnovne \u0161kole, Profil Klett d. o. o., Zagreb, 2020.<\/li>\n\n\n\n<li>Skrbin Kova\u010di\u0107, D. Vremeplov 7. ud\u017ebenik za pomo\u0107 u\u010denicima pri u\u010denju povijesti u sedmom razredu osnovne \u0161kole, Profil Klett d. o. o., 2020.<\/li>\n\n\n\n<li>Hajdarovi\u0107, M. (ur.) Vremeplov 7, digitalni obrazovni sadr\u017eaji iz povijesti za 7. razred osnovne \u0161kole, Profil Klett d. o. o., Zagreb, 2020.<\/li>\n\n\n\n<li>Hajdarovi\u0107, M. (ur.) Vremeplov 6, digitalni obrazovni sadr\u017eaji iz povijesti za 6. razred osnovne \u0161kole, Profil Klett d. o. o., Zagreb, 2020.<\/li>\n\n\n\n<li>Gambira\u017ea Knez, Hajdarovi\u0107, Kujund\u017ei\u0107, Labor. Vremeplov 6. ud\u017ebenik povijesti za 6. razred osnovne \u0161kole, Profil Klett d. o. o., Zagreb, 2020.<\/li>\n\n\n\n<li>Gambira\u017ea Knez, Kujund\u017ei\u0107, Labor. Vremeplov 6. radna bilje\u017enica iz povijesti za 6. razred osnovne \u0161kole, Profil Klett d. o. o., Zagreb, 2020.<\/li>\n\n\n\n<li>Matotek, V. Vremeplov 6. ud\u017ebenik za pomo\u0107 u\u010denicima pri u\u010denju povijesti u \u0161estom razredu osnovne \u0161kole, Profil Klett d. o. o., 2020.<\/li>\n\n\n\n<li>Budor Despot, Despot. Za\u0161to je povijest va\u017ena? 3, ud\u017ebenik povijesti za 3. razred gimnazije, Profil Klett d. o. o., Zagreb, 2020.<\/li>\n\n\n\n<li>Hajdarovi\u0107, M. (ur.) Za\u0161to je povijest va\u017ena? 3, digitalni obrazovni sadr\u017eaji iz povijesti za 3. razred gimnazije, Profil Klett d. o. o., Zagreb, 2020.<\/li>\n\n\n\n<li>Glu\u010dina, Risti\u0107, Turk-Prese\u010dki. Za\u0161to je povijest va\u017ena? 2, ud\u017ebenik povijesti za 2. razred gimnazije, Profil Klett d. o. o., Zagreb, 2020.<\/li>\n\n\n\n<li>Hajdarovi\u0107, M. (ur.) Za\u0161to je povijest va\u017ena? 2, digitalni obrazovni sadr\u017eaji iz povijesti za 2. razred gimnazije, Profil Klett d. o. o., Zagreb, 2020.<\/li>\n\n\n\n<li>Budak, Hajdarovi\u0107, Posavec, Risti\u0107. Za\u0161to je povijest va\u017ena? 1, ud\u017ebenik povijesti za 1. razred gimnazije, Profil Klett d. o. o., Zagreb, 2019.<\/li>\n\n\n\n<li>Hajdarovi\u0107, M. (ur.) Vremeplov 5, ud\u017ebenik povijesti za 5. razred osnovne \u0161kole, Profil Klett d. o. o., Zagreb, 2019.<\/li>\n\n\n\n<li>Vremeplov 5, digitalni obrazovni sadr\u017eaji iz povijesti za 5. razred osnovne \u0161kole, Profil Klett d. o. o., Zagreb, 2019.<\/li>\n\n\n\n<li>Vremeplov 5, radna bilje\u017enica iz povijesti za 5. razred osnovne \u0161kole, Profil Klett d. o. o., Zagreb, 2019.<\/li>\n<\/ol>\n\n\n\n<div class=\"wp-block-columns has-border-color has-black-border-color has-ast-global-color-5-background-color has-background is-layout-flex wp-container-core-columns-is-layout-28f84493 wp-block-columns-is-layout-flex\" style=\"border-style:dashed;border-width:1px\">\n<div class=\"wp-block-column is-layout-flow wp-block-column-is-layout-flow\">\n<figure class=\"wp-block-image size-full\"><img loading=\"lazy\" decoding=\"async\" width=\"500\" height=\"710\" src=\"https:\/\/hajdarovic.com\/blog\/wp-content\/uploads\/2020\/09\/holokaust-naslovnica-1.jpg\" alt=\"\" class=\"wp-image-1313\" srcset=\"https:\/\/hajdarovic.com\/blog\/wp-content\/uploads\/2020\/09\/holokaust-naslovnica-1.jpg 500w, https:\/\/hajdarovic.com\/blog\/wp-content\/uploads\/2020\/09\/holokaust-naslovnica-1-211x300.jpg 211w\" sizes=\"auto, (max-width: 500px) 100vw, 500px\" \/><\/figure>\n<\/div>\n\n\n\n<div class=\"wp-block-column is-layout-flow wp-block-column-is-layout-flow\">\n<p>Knjiga \u201c<strong>Holokaust \u2013 mitovi, zablude i poricanje<\/strong>\u201d pru\u017ea iscrpan i \u010dinjeni\u010dno utemeljen prikaz jednog od najmra\u010dnijih poglavlja ljudske povijesti. Autor Miljenko Hajdarovi\u0107 detaljno razotkriva uobi\u010dajene mitove i revizionisti\u010dke tvrdnje, pru\u017eaju\u0107i jasne odgovore na pitanja o povijesnim \u010dinjenicama, uzrocima, posljedicama i na\u010dinu na koji se Holokaust prelama kroz dana\u0161nje dru\u0161tvo.<\/p>\n\n\n\n<p class=\"has-text-align-center\"><a href=\"https:\/\/povijest.net\/ca\/downloads\/knjiga-holokaust-mitovi-zablude-i-poricanje\/\"><strong>Detalje i mogu\u0107nosti kupovine digitalnog izdanja potra\u017eite na ovoj poveznici<\/strong><\/a>.<\/p>\n<\/div>\n<\/div>\n\n\n\n<h3 class=\"wp-block-heading\">Autor<\/h3>\n\n\n\n<ol class=\"wp-block-list\">\n<li>Hajdarovi\u0107, Risti\u0107, Torbica. <em>Za\u0161to je povijest va\u017ena? 4<\/em>. ud\u017ebenik povijesti za 4. razred gimnazije, Profil Klett d. o. o., Zagreb, 2021.<\/li>\n\n\n\n<li>Bogdanovi\u0107, Hajdarovi\u0107, \u0160vigir. <em>Vremeplov 8<\/em>. ud\u017ebenik povijesti za 8. razred osnovne \u0161kole, Profil Klett d. o. o., Zagreb, 2021.<\/li>\n\n\n\n<li>Bogdanovi\u0107, Hajdarovi\u0107, \u0160vigir. <em>Vremeplov 8<\/em>. radna bilje\u017enica iz povijesti za 8. razred osnovne \u0161kole, Profil Klett d. o. o., Zagreb, 2021.<\/li>\n\n\n\n<li>Matotek, Hajdarovi\u0107, Srbin Kova\u010di\u0107. <em>Vremeplov 8<\/em>. radni ud\u017ebenik povijesti za 8. razred osnovne \u0161kole za u\u010denike s pote\u0161ko\u0107ama pri u\u010denju, Profil Klett d. o. o., Zagreb, 2021.<\/li>\n\n\n\n<li>Despot, Frol, Hajdarovi\u0107. <em>Vremeplov 7<\/em>. ud\u017ebenik povijesti za 7. razred osnovne \u0161kole, Profil Klett d. o. o., Zagreb, 2020.<\/li>\n\n\n\n<li>Frol, Hajdarovi\u0107. <em>Vremeplov 7<\/em>. radna bilje\u017enica iz povijesti za 7. razred osnovne \u0161kole, Profil Klett d. o. o., Zagreb, 2020.<\/li>\n\n\n\n<li>Gambira\u017ea Knez, Hajdarovi\u0107, Kujund\u017ei\u0107, Labor. <em>Vremeplov 6<\/em>. ud\u017ebenik povijesti za 6. razred osnovne \u0161kole, Profil Klett d. o. o., Zagreb, 2020.<\/li>\n\n\n\n<li>Budak, Hajdarovi\u0107, Posavec, Risti\u0107. <em>Za\u0161to je povijest va\u017ena? 1<\/em>, ud\u017ebenik povijesti za 1. razred gimnazije, Profil Klett d. o. o., Zagreb, 2019.<\/li>\n\n\n\n<li>Budak, Hajdarovi\u0107, Kujund\u017ei\u0107, Labor. <em>Vremeplov 5<\/em>. ud\u017ebenik povijesti za 5. razred osnovne \u0161kole, Profil Klett d. o. o., Zagreb, 2019.<\/li>\n\n\n\n<li>Bari\u0107, Duki\u0107, Erdelja, Ga\u0161par, Hajdarovi\u0107 et al. <em>Drugi svjetski rat<\/em>. \u0160kolska knjiga, Zagreb, 2016. (poglavlje: Holokaust)<\/li>\n<\/ol>\n","protected":false},"excerpt":{"rendered":"<p>NAPOMENA: Naslovi su na jeziku na kojem su objavljeni. Dio tekstova je dostupan na ovoj stranici. Popis mo\u017eete pogledati na [&hellip;]<\/p>\n","protected":false},"author":1,"featured_media":0,"parent":19,"menu_order":0,"comment_status":"closed","ping_status":"closed","template":"","meta":{"site-sidebar-layout":"default","site-content-layout":"","ast-site-content-layout":"default","site-content-style":"default","site-sidebar-style":"default","ast-global-header-display":"","ast-banner-title-visibility":"","ast-main-header-display":"","ast-hfb-above-header-display":"","ast-hfb-below-header-display":"","ast-hfb-mobile-header-display":"","site-post-title":"","ast-breadcrumbs-content":"","ast-featured-img":"","footer-sml-layout":"","ast-disable-related-posts":"","theme-transparent-header-meta":"","adv-header-id-meta":"","stick-header-meta":"","header-above-stick-meta":"","header-main-stick-meta":"","header-below-stick-meta":"","astra-migrate-meta-layouts":"default","ast-page-background-enabled":"default","ast-page-background-meta":{"desktop":{"background-color":"var(--ast-global-color-5)","background-image":"","background-repeat":"repeat","background-position":"center center","background-size":"auto","background-attachment":"scroll","background-type":"","background-media":"","overlay-type":"","overlay-color":"","overlay-opacity":"","overlay-gradient":""},"tablet":{"background-color":"","background-image":"","background-repeat":"repeat","background-position":"center center","background-size":"auto","background-attachment":"scroll","background-type":"","background-media":"","overlay-type":"","overlay-color":"","overlay-opacity":"","overlay-gradient":""},"mobile":{"background-color":"","background-image":"","background-repeat":"repeat","background-position":"center center","background-size":"auto","background-attachment":"scroll","background-type":"","background-media":"","overlay-type":"","overlay-color":"","overlay-opacity":"","overlay-gradient":""}},"ast-content-background-meta":{"desktop":{"background-color":"var(--ast-global-color-4)","background-image":"","background-repeat":"repeat","background-position":"center center","background-size":"auto","background-attachment":"scroll","background-type":"","background-media":"","overlay-type":"","overlay-color":"","overlay-opacity":"","overlay-gradient":""},"tablet":{"background-color":"var(--ast-global-color-4)","background-image":"","background-repeat":"repeat","background-position":"center center","background-size":"auto","background-attachment":"scroll","background-type":"","background-media":"","overlay-type":"","overlay-color":"","overlay-opacity":"","overlay-gradient":""},"mobile":{"background-color":"var(--ast-global-color-4)","background-image":"","background-repeat":"repeat","background-position":"center center","background-size":"auto","background-attachment":"scroll","background-type":"","background-media":"","overlay-type":"","overlay-color":"","overlay-opacity":"","overlay-gradient":""}},"footnotes":""},"class_list":["post-535","page","type-page","status-publish","hentry"],"aioseo_notices":[],"jetpack_sharing_enabled":true,"jetpack_likes_enabled":true,"_links":{"self":[{"href":"https:\/\/hajdarovic.com\/blog\/wp-json\/wp\/v2\/pages\/535","targetHints":{"allow":["GET"]}}],"collection":[{"href":"https:\/\/hajdarovic.com\/blog\/wp-json\/wp\/v2\/pages"}],"about":[{"href":"https:\/\/hajdarovic.com\/blog\/wp-json\/wp\/v2\/types\/page"}],"author":[{"embeddable":true,"href":"https:\/\/hajdarovic.com\/blog\/wp-json\/wp\/v2\/users\/1"}],"replies":[{"embeddable":true,"href":"https:\/\/hajdarovic.com\/blog\/wp-json\/wp\/v2\/comments?post=535"}],"version-history":[{"count":40,"href":"https:\/\/hajdarovic.com\/blog\/wp-json\/wp\/v2\/pages\/535\/revisions"}],"predecessor-version":[{"id":1321,"href":"https:\/\/hajdarovic.com\/blog\/wp-json\/wp\/v2\/pages\/535\/revisions\/1321"}],"up":[{"embeddable":true,"href":"https:\/\/hajdarovic.com\/blog\/wp-json\/wp\/v2\/pages\/19"}],"wp:attachment":[{"href":"https:\/\/hajdarovic.com\/blog\/wp-json\/wp\/v2\/media?parent=535"}],"curies":[{"name":"wp","href":"https:\/\/api.w.org\/{rel}","templated":true}]}}